{"id":4424,"date":"2021-01-07T18:32:04","date_gmt":"2021-01-07T17:32:04","guid":{"rendered":"https:\/\/www.pugnochiuso.com\/spiaggia\/"},"modified":"2023-05-31T15:40:33","modified_gmt":"2023-05-31T13:40:33","slug":"die-strandbaeder-des-pugnochiuso-resorts","status":"publish","type":"page","link":"https:\/\/www.pugnochiuso.com\/de\/ferienspass-in-pugnochiuso-auf-dem-gargano\/die-strandbaeder-des-pugnochiuso-resorts\/","title":{"rendered":"Die Str\u00e4nde des Pugnochiuso Resort"},"content":{"rendered":"<p>Zwei Str\u00e4nde exklusiv f\u00fcr die G\u00e4ste des Resorts mit allem Komfort und vielen Serviceleistungen. Mittelmeerurlaub am Gargano zwischen \u00fcppiger Natur und kristallklarem Meer.<\/p>\n","protected":false},"excerpt":{"rendered":"<p>Zwei Str\u00e4nde exklusiv f\u00fcr die G\u00e4ste des Resorts mit allem Komfort und vielen Serviceleistungen. Mittelmeerurlaub am Gargano zwischen \u00fcppiger Natur&hellip;<\/p>\n","protected":false},"author":16,"featured_media":6179,"parent":5247,"menu_order":80,"comment_status":"closed","ping_status":"closed","template":"views\/template-sidebar.blade.php","meta":{"_acf_changed":false,"footnotes":""},"class_list":["post-4424","page","type-page","status-publish","has-post-thumbnail","hentry"],"acf":[],"_links":{"self":[{"href":"https:\/\/www.pugnochiuso.com\/de\/wp-json\/wp\/v2\/pages\/4424","targetHints":{"allow":["GET"]}}],"collection":[{"href":"https:\/\/www.pugnochiuso.com\/de\/wp-json\/wp\/v2\/pages"}],"about":[{"href":"https:\/\/www.pugnochiuso.com\/de\/wp-json\/wp\/v2\/types\/page"}],"author":[{"embeddable":true,"href":"https:\/\/www.pugnochiuso.com\/de\/wp-json\/wp\/v2\/users\/16"}],"replies":[{"embeddable":true,"href":"https:\/\/www.pugnochiuso.com\/de\/wp-json\/wp\/v2\/comments?post=4424"}],"version-history":[{"count":44,"href":"https:\/\/www.pugnochiuso.com\/de\/wp-json\/wp\/v2\/pages\/4424\/revisions"}],"predecessor-version":[{"id":8633,"href":"https:\/\/www.pugnochiuso.com\/de\/wp-json\/wp\/v2\/pages\/4424\/revisions\/8633"}],"up":[{"embeddable":true,"href":"https:\/\/www.pugnochiuso.com\/de\/wp-json\/wp\/v2\/pages\/5247"}],"wp:featuredmedia":[{"embeddable":true,"href":"https:\/\/www.pugnochiuso.com\/de\/wp-json\/wp\/v2\/media\/6179"}],"wp:attachment":[{"href":"https:\/\/www.pugnochiuso.com\/de\/wp-json\/wp\/v2\/media?parent=4424"}],"curies":[{"name":"wp","href":"https:\/\/api.w.org\/{rel}","templated":true}]}}