{"id":4455,"date":"2021-01-07T18:32:04","date_gmt":"2021-01-07T17:32:04","guid":{"rendered":"https:\/\/www.pugnochiuso.com\/tennis\/"},"modified":"2023-05-15T18:03:31","modified_gmt":"2023-05-15T16:03:31","slug":"tennis","status":"publish","type":"page","link":"https:\/\/www.pugnochiuso.com\/de\/sport\/tennis\/","title":{"rendered":"Pugnochiuso: Tennis am Meer"},"content":{"rendered":"<p>Pugnochiuso bietet f\u00fcnf Tennispl\u00e4tze mit rotem Sandbelag und drei mit Kunstrasen sowie Tennisunterricht f\u00fcr Kinder und Erwachsene.<\/p>\n","protected":false},"excerpt":{"rendered":"<p>Pugnochiuso bietet f\u00fcnf Tennispl\u00e4tze mit rotem Sandbelag und drei mit Kunstrasen sowie Tennisunterricht f\u00fcr Kinder und Erwachsene.<\/p>\n","protected":false},"author":16,"featured_media":6823,"parent":5227,"menu_order":97,"comment_status":"closed","ping_status":"closed","template":"views\/template-sidebar.blade.php","meta":{"_acf_changed":false,"footnotes":""},"class_list":["post-4455","page","type-page","status-publish","has-post-thumbnail","hentry"],"acf":[],"_links":{"self":[{"href":"https:\/\/www.pugnochiuso.com\/de\/wp-json\/wp\/v2\/pages\/4455","targetHints":{"allow":["GET"]}}],"collection":[{"href":"https:\/\/www.pugnochiuso.com\/de\/wp-json\/wp\/v2\/pages"}],"about":[{"href":"https:\/\/www.pugnochiuso.com\/de\/wp-json\/wp\/v2\/types\/page"}],"author":[{"embeddable":true,"href":"https:\/\/www.pugnochiuso.com\/de\/wp-json\/wp\/v2\/users\/16"}],"replies":[{"embeddable":true,"href":"https:\/\/www.pugnochiuso.com\/de\/wp-json\/wp\/v2\/comments?post=4455"}],"version-history":[{"count":19,"href":"https:\/\/www.pugnochiuso.com\/de\/wp-json\/wp\/v2\/pages\/4455\/revisions"}],"predecessor-version":[{"id":8395,"href":"https:\/\/www.pugnochiuso.com\/de\/wp-json\/wp\/v2\/pages\/4455\/revisions\/8395"}],"up":[{"embeddable":true,"href":"https:\/\/www.pugnochiuso.com\/de\/wp-json\/wp\/v2\/pages\/5227"}],"wp:featuredmedia":[{"embeddable":true,"href":"https:\/\/www.pugnochiuso.com\/de\/wp-json\/wp\/v2\/media\/6823"}],"wp:attachment":[{"href":"https:\/\/www.pugnochiuso.com\/de\/wp-json\/wp\/v2\/media?parent=4455"}],"curies":[{"name":"wp","href":"https:\/\/api.w.org\/{rel}","templated":true}]}}