{"id":4807,"date":"2021-01-07T18:32:04","date_gmt":"2021-01-07T17:32:04","guid":{"rendered":"https:\/\/www.pugnochiuso.com\/animazione-e-fitness\/"},"modified":"2023-05-15T17:44:12","modified_gmt":"2023-05-15T15:44:12","slug":"animation-und-fitness","status":"publish","type":"page","link":"https:\/\/www.pugnochiuso.com\/de\/ferienspass-in-pugnochiuso-auf-dem-gargano\/animation-und-fitness\/","title":{"rendered":"Animation und Fitness"},"content":{"rendered":"<p>Das professionelle Animationsteam von Pugnochiuso sorgt daf\u00fcr, dass kleine und gro\u00dfe G\u00e4ste einen unvergesslichen Urlaub erleben.<\/p>\n","protected":false},"excerpt":{"rendered":"<p>Das professionelle Animationsteam von Pugnochiuso sorgt daf\u00fcr, dass kleine und gro\u00dfe G\u00e4ste einen unvergesslichen Urlaub erleben.<\/p>\n","protected":false},"author":16,"featured_media":6225,"parent":5247,"menu_order":88,"comment_status":"closed","ping_status":"closed","template":"views\/template-sidebar.blade.php","meta":{"_acf_changed":false,"footnotes":""},"class_list":["post-4807","page","type-page","status-publish","has-post-thumbnail","hentry"],"acf":[],"_links":{"self":[{"href":"https:\/\/www.pugnochiuso.com\/de\/wp-json\/wp\/v2\/pages\/4807","targetHints":{"allow":["GET"]}}],"collection":[{"href":"https:\/\/www.pugnochiuso.com\/de\/wp-json\/wp\/v2\/pages"}],"about":[{"href":"https:\/\/www.pugnochiuso.com\/de\/wp-json\/wp\/v2\/types\/page"}],"author":[{"embeddable":true,"href":"https:\/\/www.pugnochiuso.com\/de\/wp-json\/wp\/v2\/users\/16"}],"replies":[{"embeddable":true,"href":"https:\/\/www.pugnochiuso.com\/de\/wp-json\/wp\/v2\/comments?post=4807"}],"version-history":[{"count":18,"href":"https:\/\/www.pugnochiuso.com\/de\/wp-json\/wp\/v2\/pages\/4807\/revisions"}],"predecessor-version":[{"id":8383,"href":"https:\/\/www.pugnochiuso.com\/de\/wp-json\/wp\/v2\/pages\/4807\/revisions\/8383"}],"up":[{"embeddable":true,"href":"https:\/\/www.pugnochiuso.com\/de\/wp-json\/wp\/v2\/pages\/5247"}],"wp:featuredmedia":[{"embeddable":true,"href":"https:\/\/www.pugnochiuso.com\/de\/wp-json\/wp\/v2\/media\/6225"}],"wp:attachment":[{"href":"https:\/\/www.pugnochiuso.com\/de\/wp-json\/wp\/v2\/media?parent=4807"}],"curies":[{"name":"wp","href":"https:\/\/api.w.org\/{rel}","templated":true}]}}