{"id":5039,"date":"2023-05-08T18:32:04","date_gmt":"2023-05-08T16:32:04","guid":{"rendered":"https:\/\/www.pugnochiuso.com\/come-arrivare\/"},"modified":"2023-05-10T17:20:01","modified_gmt":"2023-05-10T15:20:01","slug":"anreise-nach-pugnochiuso-2","status":"publish","type":"page","link":"https:\/\/www.pugnochiuso.com\/de\/region\/anreise-nach-pugnochiuso-2\/","title":{"rendered":"Anreise nach Pugnochiuso"},"content":{"rendered":"<p>Pugnochiuso liegt an der K\u00fcstenstra\u00dfe zwischen Vieste (20 km entfernt) und Mattinata (25 km entfernt).<\/p>\n<p>Die Entfernung von Foggia betr\u00e4gt 80 km, von Bari 168 km, von Neapel 278 km und von Pescara 263 km.<\/p>\n","protected":false},"excerpt":{"rendered":"<p>Pugnochiuso liegt an der K\u00fcstenstra\u00dfe zwischen Vieste (20 km entfernt) und Mattinata (25 km entfernt). Die Entfernung von Foggia betr\u00e4gt&hellip;<\/p>\n","protected":false},"author":16,"featured_media":5996,"parent":8743,"menu_order":58,"comment_status":"closed","ping_status":"closed","template":"views\/template-sidebar.blade.php","meta":{"_acf_changed":false,"footnotes":""},"class_list":["post-5039","page","type-page","status-publish","has-post-thumbnail","hentry"],"acf":[],"_links":{"self":[{"href":"https:\/\/www.pugnochiuso.com\/de\/wp-json\/wp\/v2\/pages\/5039","targetHints":{"allow":["GET"]}}],"collection":[{"href":"https:\/\/www.pugnochiuso.com\/de\/wp-json\/wp\/v2\/pages"}],"about":[{"href":"https:\/\/www.pugnochiuso.com\/de\/wp-json\/wp\/v2\/types\/page"}],"author":[{"embeddable":true,"href":"https:\/\/www.pugnochiuso.com\/de\/wp-json\/wp\/v2\/users\/16"}],"replies":[{"embeddable":true,"href":"https:\/\/www.pugnochiuso.com\/de\/wp-json\/wp\/v2\/comments?post=5039"}],"version-history":[{"count":25,"href":"https:\/\/www.pugnochiuso.com\/de\/wp-json\/wp\/v2\/pages\/5039\/revisions"}],"predecessor-version":[{"id":8315,"href":"https:\/\/www.pugnochiuso.com\/de\/wp-json\/wp\/v2\/pages\/5039\/revisions\/8315"}],"up":[{"embeddable":true,"href":"https:\/\/www.pugnochiuso.com\/de\/wp-json\/wp\/v2\/pages\/8743"}],"wp:featuredmedia":[{"embeddable":true,"href":"https:\/\/www.pugnochiuso.com\/de\/wp-json\/wp\/v2\/media\/5996"}],"wp:attachment":[{"href":"https:\/\/www.pugnochiuso.com\/de\/wp-json\/wp\/v2\/media?parent=5039"}],"curies":[{"name":"wp","href":"https:\/\/api.w.org\/{rel}","templated":true}]}}