{"id":5056,"date":"2021-01-07T18:32:04","date_gmt":"2021-01-07T17:32:04","guid":{"rendered":"https:\/\/www.pugnochiuso.com\/i-dintorni\/"},"modified":"2023-09-11T10:09:53","modified_gmt":"2023-09-11T08:09:53","slug":"der-gargano-sehenswuerdigkeiten-2","status":"publish","type":"page","link":"https:\/\/www.pugnochiuso.com\/de\/region\/der-gargano-sehenswuerdigkeiten-2\/","title":{"rendered":"Der Gargano: Sehensw\u00fcrdigkeiten"},"content":{"rendered":"<p>Pugnochiuso liegt im Nationalpark Gargano, dem gr\u00f6\u00dften Nationalpark Italiens und zugleich dem artenreichsten Nationalpark in Europa.<\/p>\n","protected":false},"excerpt":{"rendered":"<p>Pugnochiuso liegt im Nationalpark Gargano, dem gr\u00f6\u00dften Nationalpark Italiens und zugleich dem artenreichsten Nationalpark in Europa.<\/p>\n","protected":false},"author":16,"featured_media":7170,"parent":8743,"menu_order":61,"comment_status":"closed","ping_status":"closed","template":"views\/template-sidebar.blade.php","meta":{"_acf_changed":false,"footnotes":""},"class_list":["post-5056","page","type-page","status-publish","has-post-thumbnail","hentry"],"acf":[],"_links":{"self":[{"href":"https:\/\/www.pugnochiuso.com\/de\/wp-json\/wp\/v2\/pages\/5056","targetHints":{"allow":["GET"]}}],"collection":[{"href":"https:\/\/www.pugnochiuso.com\/de\/wp-json\/wp\/v2\/pages"}],"about":[{"href":"https:\/\/www.pugnochiuso.com\/de\/wp-json\/wp\/v2\/types\/page"}],"author":[{"embeddable":true,"href":"https:\/\/www.pugnochiuso.com\/de\/wp-json\/wp\/v2\/users\/16"}],"replies":[{"embeddable":true,"href":"https:\/\/www.pugnochiuso.com\/de\/wp-json\/wp\/v2\/comments?post=5056"}],"version-history":[{"count":20,"href":"https:\/\/www.pugnochiuso.com\/de\/wp-json\/wp\/v2\/pages\/5056\/revisions"}],"predecessor-version":[{"id":8752,"href":"https:\/\/www.pugnochiuso.com\/de\/wp-json\/wp\/v2\/pages\/5056\/revisions\/8752"}],"up":[{"embeddable":true,"href":"https:\/\/www.pugnochiuso.com\/de\/wp-json\/wp\/v2\/pages\/8743"}],"wp:featuredmedia":[{"embeddable":true,"href":"https:\/\/www.pugnochiuso.com\/de\/wp-json\/wp\/v2\/media\/7170"}],"wp:attachment":[{"href":"https:\/\/www.pugnochiuso.com\/de\/wp-json\/wp\/v2\/media?parent=5056"}],"curies":[{"name":"wp","href":"https:\/\/api.w.org\/{rel}","templated":true}]}}