{"id":5227,"date":"2021-01-07T18:32:04","date_gmt":"2021-01-07T17:32:04","guid":{"rendered":"https:\/\/www.pugnochiuso.com\/sport\/"},"modified":"2023-05-15T18:00:15","modified_gmt":"2023-05-15T16:00:15","slug":"sport","status":"publish","type":"page","link":"https:\/\/www.pugnochiuso.com\/de\/sport\/","title":{"rendered":"Sport in Pugnochiuso"},"content":{"rendered":"<p>Aktivurlaub in Pugnochiuso auf dem Gargano bedeutet Ferienspa\u00df f\u00fcr die ganze Familie: Tennis, Fu\u00dfball, Schwimmen, Surfen, Paddeln, Bogenschie\u00dfen und Beachvolleyball.<\/p>\n","protected":false},"excerpt":{"rendered":"<p>Aktivurlaub in Pugnochiuso auf dem Gargano bedeutet Ferienspa\u00df f\u00fcr die ganze Familie: Tennis, Fu\u00dfball, Schwimmen, Surfen, Paddeln, Bogenschie\u00dfen und Beachvolleyball.<\/p>\n","protected":false},"author":16,"featured_media":6779,"parent":0,"menu_order":92,"comment_status":"closed","ping_status":"closed","template":"","meta":{"_acf_changed":false,"footnotes":""},"class_list":["post-5227","page","type-page","status-publish","has-post-thumbnail","hentry"],"acf":[],"_links":{"self":[{"href":"https:\/\/www.pugnochiuso.com\/de\/wp-json\/wp\/v2\/pages\/5227","targetHints":{"allow":["GET"]}}],"collection":[{"href":"https:\/\/www.pugnochiuso.com\/de\/wp-json\/wp\/v2\/pages"}],"about":[{"href":"https:\/\/www.pugnochiuso.com\/de\/wp-json\/wp\/v2\/types\/page"}],"author":[{"embeddable":true,"href":"https:\/\/www.pugnochiuso.com\/de\/wp-json\/wp\/v2\/users\/16"}],"replies":[{"embeddable":true,"href":"https:\/\/www.pugnochiuso.com\/de\/wp-json\/wp\/v2\/comments?post=5227"}],"version-history":[{"count":13,"href":"https:\/\/www.pugnochiuso.com\/de\/wp-json\/wp\/v2\/pages\/5227\/revisions"}],"predecessor-version":[{"id":8391,"href":"https:\/\/www.pugnochiuso.com\/de\/wp-json\/wp\/v2\/pages\/5227\/revisions\/8391"}],"wp:featuredmedia":[{"embeddable":true,"href":"https:\/\/www.pugnochiuso.com\/de\/wp-json\/wp\/v2\/media\/6779"}],"wp:attachment":[{"href":"https:\/\/www.pugnochiuso.com\/de\/wp-json\/wp\/v2\/media?parent=5227"}],"curies":[{"name":"wp","href":"https:\/\/api.w.org\/{rel}","templated":true}]}}