{"id":5235,"date":"2021-01-07T18:32:04","date_gmt":"2021-01-07T17:32:04","guid":{"rendered":"https:\/\/www.pugnochiuso.com\/famiglia\/"},"modified":"2023-05-21T12:47:47","modified_gmt":"2023-05-21T10:47:47","slug":"familienurlaub-in-pugnochiuso","status":"publish","type":"page","link":"https:\/\/www.pugnochiuso.com\/de\/familienurlaub-in-pugnochiuso\/","title":{"rendered":"Familienurlaub in Pugnochiuso"},"content":{"rendered":"<p>Genie\u00dfen Sie einen perfekten Familienurlaub auf der Gargano-Halbinsel im Ferienresort Pugnochiuso. Ein breites Serviceangebot garantiert Ihnen einen unbeschwerten und erholsamen Urlaub: Ein Animationsteam k\u00fcmmert sich t\u00e4glich um die kleinen Ferieng\u00e4ste, w\u00e4hrend auf die Erwachsenen viele Sport- und Freizeitaktivit\u00e4ten und Entdeckungstouren durch die malerische Region warten.<\/p>\n","protected":false},"excerpt":{"rendered":"<p>Genie\u00dfen Sie einen perfekten Familienurlaub auf der Gargano-Halbinsel im Ferienresort Pugnochiuso. Ein breites Serviceangebot garantiert Ihnen einen unbeschwerten und erholsamen&hellip;<\/p>\n","protected":false},"author":16,"featured_media":7050,"parent":0,"menu_order":98,"comment_status":"closed","ping_status":"closed","template":"","meta":{"_acf_changed":false,"footnotes":""},"class_list":["post-5235","page","type-page","status-publish","has-post-thumbnail","hentry"],"acf":[],"_links":{"self":[{"href":"https:\/\/www.pugnochiuso.com\/de\/wp-json\/wp\/v2\/pages\/5235","targetHints":{"allow":["GET"]}}],"collection":[{"href":"https:\/\/www.pugnochiuso.com\/de\/wp-json\/wp\/v2\/pages"}],"about":[{"href":"https:\/\/www.pugnochiuso.com\/de\/wp-json\/wp\/v2\/types\/page"}],"author":[{"embeddable":true,"href":"https:\/\/www.pugnochiuso.com\/de\/wp-json\/wp\/v2\/users\/16"}],"replies":[{"embeddable":true,"href":"https:\/\/www.pugnochiuso.com\/de\/wp-json\/wp\/v2\/comments?post=5235"}],"version-history":[{"count":19,"href":"https:\/\/www.pugnochiuso.com\/de\/wp-json\/wp\/v2\/pages\/5235\/revisions"}],"predecessor-version":[{"id":8543,"href":"https:\/\/www.pugnochiuso.com\/de\/wp-json\/wp\/v2\/pages\/5235\/revisions\/8543"}],"wp:featuredmedia":[{"embeddable":true,"href":"https:\/\/www.pugnochiuso.com\/de\/wp-json\/wp\/v2\/media\/7050"}],"wp:attachment":[{"href":"https:\/\/www.pugnochiuso.com\/de\/wp-json\/wp\/v2\/media?parent=5235"}],"curies":[{"name":"wp","href":"https:\/\/api.w.org\/{rel}","templated":true}]}}