{"id":5378,"date":"2021-01-07T18:32:04","date_gmt":"2021-01-07T17:32:04","guid":{"rendered":"https:\/\/www.pugnochiuso.com\/team-building\/"},"modified":"2023-05-15T18:53:30","modified_gmt":"2023-05-15T16:53:30","slug":"teambildung-in-pugnochiuso-auf-dem-gargano","status":"publish","type":"page","link":"https:\/\/www.pugnochiuso.com\/de\/teambildung-in-pugnochiuso-auf-dem-gargano\/","title":{"rendered":"Teambuilding im Pugnochiuso Resort auf dem Gargano"},"content":{"rendered":"<p>In Pugnochiuso k\u00f6nnen Sie den Wissensaustausch im Tagungszentrum mit Sport, Outdoor-Aktivit\u00e4ten, Freizeitspa\u00df und neuen Erlebnissen verbinden: Pools, Strandbad, Animationsprogramm und Fitnessaktivit\u00e4ten sowie eine Vielzahl an Sportschulen zum Erlernen neuer Sportarten erwarten Sie!<\/p>\n","protected":false},"excerpt":{"rendered":"<p>In Pugnochiuso k\u00f6nnen Sie den Wissensaustausch im Tagungszentrum mit Sport, Outdoor-Aktivit\u00e4ten, Freizeitspa\u00df und neuen Erlebnissen verbinden: Pools, Strandbad, Animationsprogramm und&hellip;<\/p>\n","protected":false},"author":16,"featured_media":3833,"parent":0,"menu_order":124,"comment_status":"closed","ping_status":"closed","template":"views\/template-sidebar.blade.php","meta":{"_acf_changed":false,"footnotes":""},"class_list":["post-5378","page","type-page","status-publish","has-post-thumbnail","hentry"],"acf":[],"_links":{"self":[{"href":"https:\/\/www.pugnochiuso.com\/de\/wp-json\/wp\/v2\/pages\/5378","targetHints":{"allow":["GET"]}}],"collection":[{"href":"https:\/\/www.pugnochiuso.com\/de\/wp-json\/wp\/v2\/pages"}],"about":[{"href":"https:\/\/www.pugnochiuso.com\/de\/wp-json\/wp\/v2\/types\/page"}],"author":[{"embeddable":true,"href":"https:\/\/www.pugnochiuso.com\/de\/wp-json\/wp\/v2\/users\/16"}],"replies":[{"embeddable":true,"href":"https:\/\/www.pugnochiuso.com\/de\/wp-json\/wp\/v2\/comments?post=5378"}],"version-history":[{"count":12,"href":"https:\/\/www.pugnochiuso.com\/de\/wp-json\/wp\/v2\/pages\/5378\/revisions"}],"predecessor-version":[{"id":8457,"href":"https:\/\/www.pugnochiuso.com\/de\/wp-json\/wp\/v2\/pages\/5378\/revisions\/8457"}],"wp:featuredmedia":[{"embeddable":true,"href":"https:\/\/www.pugnochiuso.com\/de\/wp-json\/wp\/v2\/media\/3833"}],"wp:attachment":[{"href":"https:\/\/www.pugnochiuso.com\/de\/wp-json\/wp\/v2\/media?parent=5378"}],"curies":[{"name":"wp","href":"https:\/\/api.w.org\/{rel}","templated":true}]}}