{"id":5476,"date":"2021-03-22T10:43:33","date_gmt":"2021-03-22T09:43:33","guid":{"rendered":"https:\/\/www.pugnochiuso.com\/thank-you\/"},"modified":"2023-05-14T15:59:31","modified_gmt":"2023-05-14T13:59:31","slug":"vielen-dank","status":"publish","type":"page","link":"https:\/\/www.pugnochiuso.com\/de\/vielen-dank\/","title":{"rendered":"Vielen Dank f\u00fcr Ihre Kontaktaufnahme!"},"content":{"rendered":"<p>Ihre Anfrage wurde ordnungsgem\u00e4\u00df \u00fcbermittelt.<br \/>\nWir werden Ihnen so schnell wie m\u00f6glich antworten!<\/p>\n","protected":false},"excerpt":{"rendered":"<p>Ihre Anfrage wurde ordnungsgem\u00e4\u00df \u00fcbermittelt. Wir werden Ihnen so schnell wie m\u00f6glich antworten!<\/p>\n","protected":false},"author":16,"featured_media":0,"parent":0,"menu_order":13,"comment_status":"closed","ping_status":"closed","template":"views\/template-thankyou.blade.php","meta":{"_acf_changed":false,"footnotes":""},"class_list":["post-5476","page","type-page","status-publish","hentry"],"acf":[],"_links":{"self":[{"href":"https:\/\/www.pugnochiuso.com\/de\/wp-json\/wp\/v2\/pages\/5476","targetHints":{"allow":["GET"]}}],"collection":[{"href":"https:\/\/www.pugnochiuso.com\/de\/wp-json\/wp\/v2\/pages"}],"about":[{"href":"https:\/\/www.pugnochiuso.com\/de\/wp-json\/wp\/v2\/types\/page"}],"author":[{"embeddable":true,"href":"https:\/\/www.pugnochiuso.com\/de\/wp-json\/wp\/v2\/users\/16"}],"replies":[{"embeddable":true,"href":"https:\/\/www.pugnochiuso.com\/de\/wp-json\/wp\/v2\/comments?post=5476"}],"version-history":[{"count":6,"href":"https:\/\/www.pugnochiuso.com\/de\/wp-json\/wp\/v2\/pages\/5476\/revisions"}],"predecessor-version":[{"id":8353,"href":"https:\/\/www.pugnochiuso.com\/de\/wp-json\/wp\/v2\/pages\/5476\/revisions\/8353"}],"wp:attachment":[{"href":"https:\/\/www.pugnochiuso.com\/de\/wp-json\/wp\/v2\/media?parent=5476"}],"curies":[{"name":"wp","href":"https:\/\/api.w.org\/{rel}","templated":true}]}}