{"id":5499,"date":"2021-02-02T11:20:22","date_gmt":"2021-02-02T10:20:22","guid":{"rendered":"https:\/\/www.pugnochiuso.com\/servizi-e-info-utili\/"},"modified":"2023-05-21T12:42:41","modified_gmt":"2023-05-21T10:42:41","slug":"infos-und-wissenswertes-rund-um-ihre-ferien-in-pugnochiuso","status":"publish","type":"page","link":"https:\/\/www.pugnochiuso.com\/de\/unterkunfte-und-angebote\/infos-und-wissenswertes-rund-um-ihre-ferien-in-pugnochiuso\/","title":{"rendered":"Infos und Wissenswertes"},"content":{"rendered":"<p>Alle Annehmlichkeiten f\u00fcr einen unbeschwerten Urlaubsgenuss in Pugnochiuso: Bars und Restaurants, Superm\u00e4rkte und Gesch\u00e4fte, Friseur und Beautysalon, Zeitungskiosk und Fotograf, Arzt und Shuttle-Bus.<\/p>\n","protected":false},"excerpt":{"rendered":"<p>Alle Annehmlichkeiten f\u00fcr einen unbeschwerten Urlaubsgenuss in Pugnochiuso: Bars und Restaurants, Superm\u00e4rkte und Gesch\u00e4fte, Friseur und Beautysalon, Zeitungskiosk und Fotograf,&hellip;<\/p>\n","protected":false},"author":16,"featured_media":6062,"parent":5630,"menu_order":12,"comment_status":"closed","ping_status":"closed","template":"","meta":{"_acf_changed":false,"footnotes":""},"class_list":["post-5499","page","type-page","status-publish","has-post-thumbnail","hentry"],"acf":[],"_links":{"self":[{"href":"https:\/\/www.pugnochiuso.com\/de\/wp-json\/wp\/v2\/pages\/5499","targetHints":{"allow":["GET"]}}],"collection":[{"href":"https:\/\/www.pugnochiuso.com\/de\/wp-json\/wp\/v2\/pages"}],"about":[{"href":"https:\/\/www.pugnochiuso.com\/de\/wp-json\/wp\/v2\/types\/page"}],"author":[{"embeddable":true,"href":"https:\/\/www.pugnochiuso.com\/de\/wp-json\/wp\/v2\/users\/16"}],"replies":[{"embeddable":true,"href":"https:\/\/www.pugnochiuso.com\/de\/wp-json\/wp\/v2\/comments?post=5499"}],"version-history":[{"count":30,"href":"https:\/\/www.pugnochiuso.com\/de\/wp-json\/wp\/v2\/pages\/5499\/revisions"}],"predecessor-version":[{"id":8541,"href":"https:\/\/www.pugnochiuso.com\/de\/wp-json\/wp\/v2\/pages\/5499\/revisions\/8541"}],"up":[{"embeddable":true,"href":"https:\/\/www.pugnochiuso.com\/de\/wp-json\/wp\/v2\/pages\/5630"}],"wp:featuredmedia":[{"embeddable":true,"href":"https:\/\/www.pugnochiuso.com\/de\/wp-json\/wp\/v2\/media\/6062"}],"wp:attachment":[{"href":"https:\/\/www.pugnochiuso.com\/de\/wp-json\/wp\/v2\/media?parent=5499"}],"curies":[{"name":"wp","href":"https:\/\/api.w.org\/{rel}","templated":true}]}}