{"id":5630,"date":"2021-03-25T21:54:11","date_gmt":"2021-03-25T20:54:11","guid":{"rendered":"https:\/\/www.pugnochiuso.com\/soggiorno-e-servizi\/"},"modified":"2023-05-14T14:29:41","modified_gmt":"2023-05-14T12:29:41","slug":"unterkunfte-und-angebote","status":"publish","type":"page","link":"https:\/\/www.pugnochiuso.com\/de\/unterkunfte-und-angebote\/","title":{"rendered":"Unterk\u00fcnfte und Service"},"content":{"rendered":"<p>Welche Art von Unterkunft w\u00fcnschen Sie sich? Ein komfortables Hotel mit allen m\u00f6glichen Annehmlichkeiten oder eine praktische Ferienwohnung mit viel Privatsph\u00e4re f\u00fcr Sie und Ihre Familie? W\u00e4hlen Sie Ihre Ferienunterkunft in Pugnochiuso samt aller dazugeh\u00f6rigen Serviceleistungen.<\/p>\n","protected":false},"excerpt":{"rendered":"<p>Welche Art von Unterkunft w\u00fcnschen Sie sich? Ein komfortables Hotel mit allen m\u00f6glichen Annehmlichkeiten oder eine praktische Ferienwohnung mit viel&hellip;<\/p>\n","protected":false},"author":16,"featured_media":6080,"parent":0,"menu_order":7,"comment_status":"closed","ping_status":"closed","template":"views\/template-archive-accommodation.blade.php","meta":{"_acf_changed":false,"footnotes":""},"class_list":["post-5630","page","type-page","status-publish","has-post-thumbnail","hentry"],"acf":[],"_links":{"self":[{"href":"https:\/\/www.pugnochiuso.com\/de\/wp-json\/wp\/v2\/pages\/5630","targetHints":{"allow":["GET"]}}],"collection":[{"href":"https:\/\/www.pugnochiuso.com\/de\/wp-json\/wp\/v2\/pages"}],"about":[{"href":"https:\/\/www.pugnochiuso.com\/de\/wp-json\/wp\/v2\/types\/page"}],"author":[{"embeddable":true,"href":"https:\/\/www.pugnochiuso.com\/de\/wp-json\/wp\/v2\/users\/16"}],"replies":[{"embeddable":true,"href":"https:\/\/www.pugnochiuso.com\/de\/wp-json\/wp\/v2\/comments?post=5630"}],"version-history":[{"count":8,"href":"https:\/\/www.pugnochiuso.com\/de\/wp-json\/wp\/v2\/pages\/5630\/revisions"}],"predecessor-version":[{"id":8328,"href":"https:\/\/www.pugnochiuso.com\/de\/wp-json\/wp\/v2\/pages\/5630\/revisions\/8328"}],"wp:featuredmedia":[{"embeddable":true,"href":"https:\/\/www.pugnochiuso.com\/de\/wp-json\/wp\/v2\/media\/6080"}],"wp:attachment":[{"href":"https:\/\/www.pugnochiuso.com\/de\/wp-json\/wp\/v2\/media?parent=5630"}],"curies":[{"name":"wp","href":"https:\/\/api.w.org\/{rel}","templated":true}]}}