{"id":6362,"date":"2021-04-15T12:41:29","date_gmt":"2021-04-15T10:41:29","guid":{"rendered":"https:\/\/www.pugnochiuso.com\/?page_id=6362"},"modified":"2023-05-15T18:45:58","modified_gmt":"2023-05-15T16:45:58","slug":"outdoor-bereiche-2","status":"publish","type":"page","link":"https:\/\/www.pugnochiuso.com\/de\/outdoor-bereiche-2\/","title":{"rendered":"Outdoor-Bereiche"},"content":{"rendered":"<p>Das Pugnochiuso Resort ist der ideale Ort f\u00fcr das Ausrichten von Sportevents, Firmentreffen und Incentives. Dank seiner einzigartigen, individuell gestaltbaren Au\u00dfenbereiche bietet es f\u00fcr jeden Anlass den passenden Rahmen. Und die Natur des Gargano offeriert die perfekte Kulisse f\u00fcr Ihre Veranstaltung.<\/p>\n","protected":false},"excerpt":{"rendered":"<p>Das Pugnochiuso Resort ist der ideale Ort f\u00fcr das Ausrichten von Sportevents, Firmentreffen und Incentives. Dank seiner einzigartigen, individuell gestaltbaren&hellip;<\/p>\n","protected":false},"author":16,"featured_media":7273,"parent":0,"menu_order":125,"comment_status":"closed","ping_status":"closed","template":"views\/template-sidebar.blade.php","meta":{"_acf_changed":false,"footnotes":""},"class_list":["post-6362","page","type-page","status-publish","has-post-thumbnail","hentry"],"acf":[],"_links":{"self":[{"href":"https:\/\/www.pugnochiuso.com\/de\/wp-json\/wp\/v2\/pages\/6362","targetHints":{"allow":["GET"]}}],"collection":[{"href":"https:\/\/www.pugnochiuso.com\/de\/wp-json\/wp\/v2\/pages"}],"about":[{"href":"https:\/\/www.pugnochiuso.com\/de\/wp-json\/wp\/v2\/types\/page"}],"author":[{"embeddable":true,"href":"https:\/\/www.pugnochiuso.com\/de\/wp-json\/wp\/v2\/users\/16"}],"replies":[{"embeddable":true,"href":"https:\/\/www.pugnochiuso.com\/de\/wp-json\/wp\/v2\/comments?post=6362"}],"version-history":[{"count":12,"href":"https:\/\/www.pugnochiuso.com\/de\/wp-json\/wp\/v2\/pages\/6362\/revisions"}],"predecessor-version":[{"id":8449,"href":"https:\/\/www.pugnochiuso.com\/de\/wp-json\/wp\/v2\/pages\/6362\/revisions\/8449"}],"wp:featuredmedia":[{"embeddable":true,"href":"https:\/\/www.pugnochiuso.com\/de\/wp-json\/wp\/v2\/media\/7273"}],"wp:attachment":[{"href":"https:\/\/www.pugnochiuso.com\/de\/wp-json\/wp\/v2\/media?parent=6362"}],"curies":[{"name":"wp","href":"https:\/\/api.w.org\/{rel}","templated":true}]}}