{"id":8280,"date":"2023-05-09T16:05:43","date_gmt":"2023-05-09T14:05:43","guid":{"rendered":"https:\/\/www.pugnochiuso.com\/?page_id=8280"},"modified":"2023-05-09T16:07:13","modified_gmt":"2023-05-09T14:07:13","slug":"pugnochiuso-partner-2","status":"publish","type":"page","link":"https:\/\/www.pugnochiuso.com\/de\/pugnochiuso-partner-2\/","title":{"rendered":"Pugnochiuso: Partner"},"content":{"rendered":"<p>Entdecken Sie die Partnerschaftsvereinbarungen\/Kooperationen von Pugnochiuso Resort mit Firmen oder Gruppen und profitieren Sie von g\u00fcnstigen Sondertarifen und -erm\u00e4\u00dfigungen.<\/p>\n","protected":false},"excerpt":{"rendered":"<p>Entdecken Sie die Partnerschaftsvereinbarungen\/Kooperationen von Pugnochiuso Resort mit Firmen oder Gruppen und profitieren Sie von g\u00fcnstigen Sondertarifen und -erm\u00e4\u00dfigungen.<\/p>\n","protected":false},"author":16,"featured_media":0,"parent":0,"menu_order":71,"comment_status":"closed","ping_status":"closed","template":"","meta":{"_acf_changed":false,"footnotes":""},"class_list":["post-8280","page","type-page","status-publish","hentry"],"acf":[],"_links":{"self":[{"href":"https:\/\/www.pugnochiuso.com\/de\/wp-json\/wp\/v2\/pages\/8280","targetHints":{"allow":["GET"]}}],"collection":[{"href":"https:\/\/www.pugnochiuso.com\/de\/wp-json\/wp\/v2\/pages"}],"about":[{"href":"https:\/\/www.pugnochiuso.com\/de\/wp-json\/wp\/v2\/types\/page"}],"author":[{"embeddable":true,"href":"https:\/\/www.pugnochiuso.com\/de\/wp-json\/wp\/v2\/users\/16"}],"replies":[{"embeddable":true,"href":"https:\/\/www.pugnochiuso.com\/de\/wp-json\/wp\/v2\/comments?post=8280"}],"version-history":[{"count":2,"href":"https:\/\/www.pugnochiuso.com\/de\/wp-json\/wp\/v2\/pages\/8280\/revisions"}],"predecessor-version":[{"id":8285,"href":"https:\/\/www.pugnochiuso.com\/de\/wp-json\/wp\/v2\/pages\/8280\/revisions\/8285"}],"wp:attachment":[{"href":"https:\/\/www.pugnochiuso.com\/de\/wp-json\/wp\/v2\/media?parent=8280"}],"curies":[{"name":"wp","href":"https:\/\/api.w.org\/{rel}","templated":true}]}}