{"id":8422,"date":"2023-05-15T18:30:06","date_gmt":"2023-05-15T16:30:06","guid":{"rendered":"https:\/\/www.pugnochiuso.com\/?page_id=8422"},"modified":"2023-05-15T18:30:34","modified_gmt":"2023-05-15T16:30:34","slug":"unbeschwerter-und-sicherer-urlaubsspass","status":"publish","type":"page","link":"https:\/\/www.pugnochiuso.com\/de\/familienurlaub-in-pugnochiuso\/unbeschwerter-und-sicherer-urlaubsspass\/","title":{"rendered":"Unbeschwerter und sicherer Urlaubsspa\u00df"},"content":{"rendered":"<p>Auf dem Gel\u00e4nde der Anlage von Pugnochiuso k\u00f6nnen Sie sich frei und unbeschwert bewegen. Denn am Resorteingang befindet sich eine Schranke. Der Zugang wird nur Personen gew\u00e4hrt, die eine Zugangsberechtigung haben, beispielsweise eine Hotelbuchung. Die Rezeption des Resorts befindet sich ebenfalls in der N\u00e4he der Schranke.<\/p>\n","protected":false},"excerpt":{"rendered":"<p>Auf dem Gel\u00e4nde der Anlage von Pugnochiuso k\u00f6nnen Sie sich frei und unbeschwert bewegen. Denn am Resorteingang befindet sich eine&hellip;<\/p>\n","protected":false},"author":16,"featured_media":7062,"parent":5235,"menu_order":104,"comment_status":"closed","ping_status":"closed","template":"views\/template-sidebar.blade.php","meta":{"_acf_changed":false,"footnotes":""},"class_list":["post-8422","page","type-page","status-publish","has-post-thumbnail","hentry"],"acf":[],"_links":{"self":[{"href":"https:\/\/www.pugnochiuso.com\/de\/wp-json\/wp\/v2\/pages\/8422","targetHints":{"allow":["GET"]}}],"collection":[{"href":"https:\/\/www.pugnochiuso.com\/de\/wp-json\/wp\/v2\/pages"}],"about":[{"href":"https:\/\/www.pugnochiuso.com\/de\/wp-json\/wp\/v2\/types\/page"}],"author":[{"embeddable":true,"href":"https:\/\/www.pugnochiuso.com\/de\/wp-json\/wp\/v2\/users\/16"}],"replies":[{"embeddable":true,"href":"https:\/\/www.pugnochiuso.com\/de\/wp-json\/wp\/v2\/comments?post=8422"}],"version-history":[{"count":2,"href":"https:\/\/www.pugnochiuso.com\/de\/wp-json\/wp\/v2\/pages\/8422\/revisions"}],"predecessor-version":[{"id":8427,"href":"https:\/\/www.pugnochiuso.com\/de\/wp-json\/wp\/v2\/pages\/8422\/revisions\/8427"}],"up":[{"embeddable":true,"href":"https:\/\/www.pugnochiuso.com\/de\/wp-json\/wp\/v2\/pages\/5235"}],"wp:featuredmedia":[{"embeddable":true,"href":"https:\/\/www.pugnochiuso.com\/de\/wp-json\/wp\/v2\/media\/7062"}],"wp:attachment":[{"href":"https:\/\/www.pugnochiuso.com\/de\/wp-json\/wp\/v2\/media?parent=8422"}],"curies":[{"name":"wp","href":"https:\/\/api.w.org\/{rel}","templated":true}]}}