{"id":8534,"date":"2023-05-21T12:26:11","date_gmt":"2023-05-21T10:26:11","guid":{"rendered":"https:\/\/www.pugnochiuso.com\/?page_id=8534"},"modified":"2023-05-21T12:26:23","modified_gmt":"2023-05-21T10:26:23","slug":"nachhaltigkeit-in-pugnochiuso-2","status":"publish","type":"page","link":"https:\/\/www.pugnochiuso.com\/de\/nachhaltigkeit-in-pugnochiuso-2\/","title":{"rendered":"Nachhaltigkeit in Pugnochiuso"},"content":{"rendered":"<p>Pugnochiuso ist umweltfreundlich. Im Jahr 2005 erhielt die Anlage das IQNet-Zertifikat und die Zertifizierung nach DIN EN ISO 14001-2004 von der Zertifizierungsstelle RINA. Au\u00dferdem ist Pugnochiuso gem\u00e4\u00df der EG-Verordnung Nr. 1221\/2009 (EMAS III) registriert.<\/p>\n<p>Erfahren Sie mehr \u00fcber unsere Umweltpolitik.<\/p>\n","protected":false},"excerpt":{"rendered":"<p>Pugnochiuso ist umweltfreundlich. Im Jahr 2005 erhielt die Anlage das IQNet-Zertifikat und die Zertifizierung nach DIN EN ISO 14001-2004 von&hellip;<\/p>\n","protected":false},"author":16,"featured_media":7281,"parent":0,"menu_order":53,"comment_status":"closed","ping_status":"closed","template":"views\/template-sidebar.blade.php","meta":{"_acf_changed":false,"footnotes":""},"class_list":["post-8534","page","type-page","status-publish","has-post-thumbnail","hentry"],"acf":[],"_links":{"self":[{"href":"https:\/\/www.pugnochiuso.com\/de\/wp-json\/wp\/v2\/pages\/8534","targetHints":{"allow":["GET"]}}],"collection":[{"href":"https:\/\/www.pugnochiuso.com\/de\/wp-json\/wp\/v2\/pages"}],"about":[{"href":"https:\/\/www.pugnochiuso.com\/de\/wp-json\/wp\/v2\/types\/page"}],"author":[{"embeddable":true,"href":"https:\/\/www.pugnochiuso.com\/de\/wp-json\/wp\/v2\/users\/16"}],"replies":[{"embeddable":true,"href":"https:\/\/www.pugnochiuso.com\/de\/wp-json\/wp\/v2\/comments?post=8534"}],"version-history":[{"count":1,"href":"https:\/\/www.pugnochiuso.com\/de\/wp-json\/wp\/v2\/pages\/8534\/revisions"}],"predecessor-version":[{"id":8537,"href":"https:\/\/www.pugnochiuso.com\/de\/wp-json\/wp\/v2\/pages\/8534\/revisions\/8537"}],"wp:featuredmedia":[{"embeddable":true,"href":"https:\/\/www.pugnochiuso.com\/de\/wp-json\/wp\/v2\/media\/7281"}],"wp:attachment":[{"href":"https:\/\/www.pugnochiuso.com\/de\/wp-json\/wp\/v2\/media?parent=8534"}],"curies":[{"name":"wp","href":"https:\/\/api.w.org\/{rel}","templated":true}]}}