{"id":597,"date":"2021-01-07T18:32:04","date_gmt":"2021-01-07T17:32:04","guid":{"rendered":"https:\/\/www.pugnochiuso.com\/famiglia\/"},"modified":"2021-05-27T13:57:49","modified_gmt":"2021-05-27T11:57:49","slug":"famiglia","status":"publish","type":"page","link":"https:\/\/www.pugnochiuso.com\/it\/famiglia\/","title":{"rendered":"Famiglia"},"content":{"rendered":"<p>Pugnochiuso \u00e8 il luogo perfetto del Gargano per trascorrere le proprie vacanze con tutta la famiglia, grazie a servizi pensati per garantire sicurezza e divertimento: un&#8217;equipe di animatori professionisti intratterr\u00e0 i pi\u00f9 piccoli a tutte le ore del giorno, mentre tante attivit\u00e0 sportive e ricreative per scoprire un territorio incantato aspettano gli adulti.<\/p>\n","protected":false},"excerpt":{"rendered":"<p>Pugnochiuso \u00e8 il luogo perfetto del Gargano per trascorrere le proprie vacanze con tutta la famiglia, grazie a servizi pensati&hellip;<\/p>\n","protected":false},"author":1,"featured_media":7048,"parent":0,"menu_order":99,"comment_status":"closed","ping_status":"closed","template":"","meta":{"_acf_changed":false,"footnotes":""},"class_list":["post-597","page","type-page","status-publish","has-post-thumbnail","hentry"],"acf":[],"_links":{"self":[{"href":"https:\/\/www.pugnochiuso.com\/it\/wp-json\/wp\/v2\/pages\/597","targetHints":{"allow":["GET"]}}],"collection":[{"href":"https:\/\/www.pugnochiuso.com\/it\/wp-json\/wp\/v2\/pages"}],"about":[{"href":"https:\/\/www.pugnochiuso.com\/it\/wp-json\/wp\/v2\/types\/page"}],"author":[{"embeddable":true,"href":"https:\/\/www.pugnochiuso.com\/it\/wp-json\/wp\/v2\/users\/1"}],"replies":[{"embeddable":true,"href":"https:\/\/www.pugnochiuso.com\/it\/wp-json\/wp\/v2\/comments?post=597"}],"version-history":[{"count":7,"href":"https:\/\/www.pugnochiuso.com\/it\/wp-json\/wp\/v2\/pages\/597\/revisions"}],"predecessor-version":[{"id":7436,"href":"https:\/\/www.pugnochiuso.com\/it\/wp-json\/wp\/v2\/pages\/597\/revisions\/7436"}],"wp:featuredmedia":[{"embeddable":true,"href":"https:\/\/www.pugnochiuso.com\/it\/wp-json\/wp\/v2\/media\/7048"}],"wp:attachment":[{"href":"https:\/\/www.pugnochiuso.com\/it\/wp-json\/wp\/v2\/media?parent=597"}],"curies":[{"name":"wp","href":"https:\/\/api.w.org\/{rel}","templated":true}]}}